{"id":63,"date":"2013-05-25T11:37:45","date_gmt":"2013-05-25T11:37:45","guid":{"rendered":"http:\/\/xn--mmezwrge-zzaf.ch\/?page_id=63"},"modified":"2025-01-25T12:24:09","modified_gmt":"2025-01-25T12:24:09","slug":"leitbild","status":"publish","type":"page","link":"https:\/\/xn--mmezwrge-zzaf.ch\/","title":{"rendered":"Willkommen"},"content":{"rendered":"<p>&nbsp;<\/p>\n<p style=\"text-align: center;\">Leitbild Spielgruppe \u00c4mmezw\u00e4rge:<\/p>\n<p style=\"text-align: center;\"><strong>\u00abHilf mir, es selbst zu tun\u00bb<\/strong><br \/>\n<strong>\u00abIm freien Spiel lernt ein Kind das Leben\u00bb<\/strong><\/p>\n<p>&nbsp;<\/p>\n<p style=\"text-align: left;\">In der Spielgruppe \u00c4mmezw\u00e4rge treffen sich Kinder ein bis zwei Jahre vor dem Kindergarteneintritt zum freien Spielen, Werken und Musizieren. Mit geeignetem Lernmaterial werden alle Sinne der Kinder angesprochen und die individuelle Entwicklung gef\u00f6rdert. So steht zum Beispiel beim Werken die T\u00e4tigkeit im Vordergrund und weniger das Resultat.<\/p>\n<p style=\"text-align: left;\">Die Kinder finden hier Gelegenheit, mit Gleichaltrigen Kontakte zu kn\u00fcpfen, Freundschaften zu schliessen und Konflikte auszutragen. Sie K\u00f6nnen selbstst\u00e4ndig erproben, Regeln und Grenzen erfahren.<\/p>\n<p style=\"text-align: left;\">In einer Gruppe von 10 Kindern besuchen die Kinder ein bis zweimal pro Woche die Spielgruppe. Sie lernen sich f\u00fcr kurze Zeit von ihren Bezugspersonen zu l\u00f6sen und finden so leichter den \u00dcbergang in den Kindergarten.<\/p>\n<p style=\"text-align: left;\">Ein offener und respektvoller Umgang im Spielgruppen-Alltag und in der Elternarbeit, bieten die Basis f\u00fcr eine erfolgreiche Zusammenarbeit.<\/p>\n<p>&nbsp;<\/p>\n","protected":false},"excerpt":{"rendered":"<p>&nbsp; Leitbild Spielgruppe \u00c4mmezw\u00e4rge: \u00abHilf mir, es selbst zu tun\u00bb \u00abIm freien Spiel lernt ein Kind das Leben\u00bb &nbsp; In der Spielgruppe \u00c4mmezw\u00e4rge treffen sich Kinder ein bis zwei Jahre vor dem Kindergarteneintritt zum freien Spielen, Werken und Musizieren. Mit &hellip; <a href=\"https:\/\/xn--mmezwrge-zzaf.ch\/\">Weiterlesen <span class=\"meta-nav\">&rarr;<\/span><\/a><\/p>\n","protected":false},"author":1,"featured_media":0,"parent":0,"menu_order":0,"comment_status":"closed","ping_status":"open","template":"","meta":{"ngg_post_thumbnail":0,"footnotes":""},"class_list":["post-63","page","type-page","status-publish","hentry"],"_links":{"self":[{"href":"https:\/\/xn--mmezwrge-zzaf.ch\/index.php?rest_route=\/wp\/v2\/pages\/63","targetHints":{"allow":["GET"]}}],"collection":[{"href":"https:\/\/xn--mmezwrge-zzaf.ch\/index.php?rest_route=\/wp\/v2\/pages"}],"about":[{"href":"https:\/\/xn--mmezwrge-zzaf.ch\/index.php?rest_route=\/wp\/v2\/types\/page"}],"author":[{"embeddable":true,"href":"https:\/\/xn--mmezwrge-zzaf.ch\/index.php?rest_route=\/wp\/v2\/users\/1"}],"replies":[{"embeddable":true,"href":"https:\/\/xn--mmezwrge-zzaf.ch\/index.php?rest_route=%2Fwp%2Fv2%2Fcomments&post=63"}],"version-history":[{"count":55,"href":"https:\/\/xn--mmezwrge-zzaf.ch\/index.php?rest_route=\/wp\/v2\/pages\/63\/revisions"}],"predecessor-version":[{"id":4035,"href":"https:\/\/xn--mmezwrge-zzaf.ch\/index.php?rest_route=\/wp\/v2\/pages\/63\/revisions\/4035"}],"wp:attachment":[{"href":"https:\/\/xn--mmezwrge-zzaf.ch\/index.php?rest_route=%2Fwp%2Fv2%2Fmedia&parent=63"}],"curies":[{"name":"wp","href":"https:\/\/api.w.org\/{rel}","templated":true}]}}