{"id":3891,"date":"2024-10-08T15:00:40","date_gmt":"2024-10-08T15:00:40","guid":{"rendered":"http:\/\/xn--mmezwrge-zzaf.ch\/?page_id=3891"},"modified":"2024-10-26T11:57:44","modified_gmt":"2024-10-26T11:57:44","slug":"datenschutzerklaerung-verein-spielgruppe-aemmezwaerge","status":"publish","type":"page","link":"https:\/\/xn--mmezwrge-zzaf.ch\/?page_id=3891","title":{"rendered":"Datenschutzerkl\u00e4rung Verein Spielgruppe \u00c4mmezw\u00e4rge"},"content":{"rendered":"\n<h2 class=\"wp-block-heading\">Version vom 08. Oktober 2024<\/h2>\n\n\n\n<p>In dieser Datenschutzerkl\u00e4rung erl\u00e4utern wir, der Verein Spielgruppe \u00c4mmezw\u00e4rge (nachfolgend wir oder uns genannt), wie wir Personendaten erheben und bearbeiten. Das ist keine abschliessende Beschreibung; allenfalls regeln allgemeine Gesch\u00e4ftsbedingungen, Teilnahmebedingungen und \u00e4hnliche Dokumente spezifische Sachverhalte. Unter Personendaten werden alle Angaben verstanden, die sich auf eine bestimmte oder bestimmbare Person beziehen. Wenn Sie uns Personendaten anderer Personen (z.B. Familienmitglieder) zur Verf\u00fcgung stellen, stellen Sie bitte sicher, dass diese Personen die vorliegende Datenschutzerkl\u00e4rung kennen und teilen Sie uns deren Personendaten nur mit, wenn Sie dies d\u00fcrfen und wenn diese Personendaten korrekt sind.<br>Diese Datenschutzerkl\u00e4rung ist auf die Anforderungen der EU-Datenschutz-Grundverordnung (\u00abDSGVO\u00bb), das Schweizer Datenschutzgesetz (\u00abDSG\u00bb) und das revidierte Schweizer Datenschutzgesetz (\u00abrevDSG\u00bb) ausgelegt. Ob und inwieweit diese Gesetze anwendbar sind, h\u00e4ngt jedoch vom Einzelfall ab.<\/p>\n\n\n\n<p>1. Verantwortlicher Datenschutzbeauftragter<br>Verantwortlich f\u00fcr die Datenbearbeitungen, die wir hier beschreiben, ist der Verein Spielgruppe \u00c4mmezw\u00e4rge, CH-3400 Burgdorf, soweit im Einzelfall nichts anderes angegeben ist. Wenn Sie datenschutzrechtliche Anliegen haben, k\u00f6nnen Sie uns diese an folgende Kontaktadresse mitteilen: info@aemmezwaerge.ch<\/p>\n\n\n\n<p>2. Erhebung und Bearbeitung von Personendaten<br>Wir bearbeiten in erster Linie die Personendaten, die wir im Rahmen unserer Gesch\u00e4ftsbeziehung mit unseren Kunden und anderen Gesch\u00e4ftspartnern von diesen und weiteren daran beteiligten Personen erhalten oder die wir beim Betrieb unserer Websites, Apps und weiteren Anwendungen von deren Nutzern erheben.<br><\/p>\n\n\n\n<p>3. Zwecke der Datenbearbeitung und Rechtsgrundlagen<br>Wir verwenden die von uns erhobenen Personendaten in erster Linie, um unsere Vertr\u00e4ge mit unseren Kunden und Gesch\u00e4ftspartnern abzuschliessen und abzuwickeln, so insbesondere im Rahmen der Zusammenarbeit mit unseren Kunden und den Einkauf von Produkten und Dienstleistungen von unseren Lieferanten und Subunternehmern, sowie um unseren gesetzlichen Pflichten nachzukommen.\u00a0<\/p>\n\n\n\n<p>4. Cookies \/ Tracking und andere Technologien im Zusammenhang mit der Nutzung unserer Website<br>Wir setzen auf unseren Websites und Apps in Einzelf\u00e4llen &#8222;Cookies&#8220; und vergleichbare Techniken ein, mit denen Ihr Browser oder Ihr Ger\u00e4t identifiziert werden kann. Ein Cookie ist eine kleine Datei, die an Ihren Computer gesendet bzw. vom verwendeten Webbrowser automatisch auf Ihrem Computer oder mobilen Ger\u00e4t gespeichert wird, wenn Sie unsere Website besuchen oder App installieren. Wenn Sie diese Website erneut aufrufen oder unsere App benutzen, k\u00f6nnen wir Sie so wiedererkennen, selbst wenn wir nicht wissen, wer Sie sind. Neben Cookies, die lediglich w\u00e4hrend einer Sitzung benutzt und nach Ihrem Website-Besuch gel\u00f6scht werden (&#8222;Session Cookies&#8220;), k\u00f6nnen Cookies auch benutzt werden, um Nutzereinstellungen und andere Informationen \u00fcber eine bestimmte Zeit (z.B. zwei Jahre) zu speichern (&#8222;permanente Cookies&#8220;). Sie k\u00f6nnen Ihren Browser jedoch so einstellen, dass er Cookies zur\u00fcckweist, nur f\u00fcr eine Sitzung speichert oder sonst vorzeitig l\u00f6scht. Die meisten Browser sind so voreingestellt, dass Sie Cookies akzeptieren. Wir nutzen permanente Cookies damit Sie Benutzereinstellungen speichern k\u00f6nnen (z.B. Sprache, Autologin). Wenn Sie Cookies sperren, kann es sein, dass gewisse Funktionalit\u00e4ten (wie z.B. Sprachwahl, Warenkorb, Bestellprozesse) nicht mehr funktionieren.<br>Mit der Nutzung unserer Websites, Apps und der Einwilligung in den Erhalt von Newslettern und anderen Marketing-E-Mails stimmen Sie dem Einsatz dieser Techniken zu. Wollen Sie dies nicht, dann m\u00fcssen Sie Ihren Browser bzw. Ihre E-Mail-Programm entsprechend einstellen oder die App deinstallieren, sofern sich dies nicht \u00fcber die Einstellungen anpassen l\u00e4sst.<\/p>\n\n\n\n<p>5. Datenweitergabe und Daten\u00fcbermittlung ins Ausland<br>Wir geben im Rahmen unserer gesch\u00e4ftlichen Aktivit\u00e4ten und der Zwecke gem\u00e4ss Ziff. 3, soweit erlaubt und es uns als angezeigt erscheint, auch Dritten bekannt, sei es, weil sie diese f\u00fcr uns bearbeiten, sei es, weil sie sie f\u00fcr ihre eigenen Zwecke verwenden wollen. Zum Beispiel: IT-Provider oder Lieferanten<br><\/p>\n\n\n\n<p>6. Dauer der Aufbewahrung von Personendaten<br>Wir verarbeiten und speichern Ihre Personendaten, solange es f\u00fcr die Erf\u00fcllung unserer vertraglichen und gesetzlichen Pflichten oder sonst die mit der Bearbeitung verfolgten Zwecke erforderlich ist, d.h. also zum Beispiel f\u00fcr die Dauer der gesamten Gesch\u00e4ftsbeziehung (von der Anbahnung, Abwicklung bis zur Beendigung eines Vertrags) sowie dar\u00fcber hinaus gem\u00e4ss den gesetzlichen Aufbewahrungs- und Dokumentationspflichten. Dabei ist es m\u00f6glich, dass Personendaten f\u00fcr die Zeit aufbewahrt werden, in der Anspr\u00fcche gegen unser Unternehmen geltend gemacht werden k\u00f6nnen und soweit wir anderweitig gesetzlich dazu verpflichtet sind oder berechtigte Gesch\u00e4ftsinteressen dies erfordern (z.B. f\u00fcr Beweis- und Dokumentationszwecke). Sobald Ihre Personendaten f\u00fcr die oben genannten Zwecke nicht mehr erforderlich sind, werden sie grunds\u00e4tzlich und soweit m\u00f6glich gel\u00f6scht oder anonymisiert.<\/p>\n\n\n\n<p>7. Datensicherheit<br>Wir treffen angemessene technische und organisatorische Sicherheitsvorkehrungen zum Schutz Ihrer Personendaten vor unberechtigtem Zugriff und Missbrauch wie etwa IT- und Netzwerksicherheitsl\u00f6sungen und Zugangskontrollen.<\/p>\n\n\n\n<p>8. Pflicht zur Bereitstellung von Personendaten<br>Im Rahmen unserer Gesch\u00e4ftsbeziehung m\u00fcssen Sie diejenigen Personendaten bereitstellen, die f\u00fcr die Aufnahme und Durchf\u00fchrung einer Gesch\u00e4ftsbeziehung und der Erf\u00fcllung der damit verbundenen vertraglichen Pflichten erforderlich sind (eine gesetzliche Pflicht, uns Daten bereitzustellen, haben Sie in der Regel nicht). Ohne diese Daten werden wir in der Regel nicht in der Lage sein, einen Vertrag mit Ihnen (oder der Stelle oder Person, die Sie vertreten) zu schliessen oder diesen abzuwickeln. Auch die Website kann nicht genutzt werden, wenn gewisse Angaben zur Sicherstellung des Datenverkehrs (wie z.B. IP-Adresse) nicht offengelegt wird.<\/p>\n\n\n\n<p>9. Rechte der betroffenen Person<br>Sie haben im Rahmen des auf Sie anwendbaren Datenschutzrechts und soweit darin vorgesehen (wie etwa im Falle der DSGVO) das Recht auf Auskunft, Berichtigung, L\u00f6schung, das Recht auf Einschr\u00e4nkung der Datenbearbeitung und sonst dem Widerspruch gegen unsere Datenbearbeitungen. Bitte beachten Sie aber, dass wir uns vorbehalten, unsererseits die gesetzlich vorgesehenen Einschr\u00e4nkungen geltend zu machen, etwa wenn wir zur Aufbewahrung oder Bearbeitung gewisser Daten verpflichtet sind, daran ein \u00fcberwiegendes Interesse haben (soweit wir uns darauf berufen d\u00fcrfen) oder sie f\u00fcr die Geltendmachung von Anspr\u00fcchen ben\u00f6tigen. Falls f\u00fcr Sie Kosten anfallen, werden wir Sie vorab informieren. <br>Jede betroffene Person hat \u00fcberdies das Recht, ihre Anspr\u00fcche gerichtlich durchzusetzen oder bei der zust\u00e4ndigen Datenschutzbeh\u00f6rde eine Beschwerde einzureichen. Die zust\u00e4ndige Datenschutzbeh\u00f6rde der Schweiz ist der Eidgen\u00f6ssische Datenschutz- und \u00d6ffentlichkeitsbeauftragte (http:\/\/www.edoeb.admin.ch).<\/p>\n\n\n\n<p>10. \u00c4nderungen<br>Wir k\u00f6nnen diese Datenschutzerkl\u00e4rung jederzeit ohne Vorank\u00fcndigung anpassen. Es gilt die jeweils aktuelle, auf unserer Website publizierte Fassung. Soweit die Datenschutzerkl\u00e4rung Teil einer Vereinbarung mit Ihnen ist, werden wir Sie im Falle einer Aktualisierung \u00fcber die \u00c4nderung per E-Mail oder auf andere geeignete Weise informieren.<\/p>\n","protected":false},"excerpt":{"rendered":"<p>Version vom 08. Oktober 2024 In dieser Datenschutzerkl\u00e4rung erl\u00e4utern wir, der Verein Spielgruppe \u00c4mmezw\u00e4rge (nachfolgend wir oder uns genannt), wie wir Personendaten erheben und bearbeiten. Das ist keine abschliessende Beschreibung; allenfalls regeln allgemeine Gesch\u00e4ftsbedingungen, Teilnahmebedingungen und \u00e4hnliche Dokumente spezifische Sachverhalte. &hellip; <a href=\"https:\/\/xn--mmezwrge-zzaf.ch\/?page_id=3891\">Weiterlesen <span class=\"meta-nav\">&rarr;<\/span><\/a><\/p>\n","protected":false},"author":1,"featured_media":0,"parent":0,"menu_order":0,"comment_status":"closed","ping_status":"closed","template":"","meta":{"ngg_post_thumbnail":0,"footnotes":""},"class_list":["post-3891","page","type-page","status-publish","hentry"],"_links":{"self":[{"href":"https:\/\/xn--mmezwrge-zzaf.ch\/index.php?rest_route=\/wp\/v2\/pages\/3891","targetHints":{"allow":["GET"]}}],"collection":[{"href":"https:\/\/xn--mmezwrge-zzaf.ch\/index.php?rest_route=\/wp\/v2\/pages"}],"about":[{"href":"https:\/\/xn--mmezwrge-zzaf.ch\/index.php?rest_route=\/wp\/v2\/types\/page"}],"author":[{"embeddable":true,"href":"https:\/\/xn--mmezwrge-zzaf.ch\/index.php?rest_route=\/wp\/v2\/users\/1"}],"replies":[{"embeddable":true,"href":"https:\/\/xn--mmezwrge-zzaf.ch\/index.php?rest_route=%2Fwp%2Fv2%2Fcomments&post=3891"}],"version-history":[{"count":1,"href":"https:\/\/xn--mmezwrge-zzaf.ch\/index.php?rest_route=\/wp\/v2\/pages\/3891\/revisions"}],"predecessor-version":[{"id":3892,"href":"https:\/\/xn--mmezwrge-zzaf.ch\/index.php?rest_route=\/wp\/v2\/pages\/3891\/revisions\/3892"}],"wp:attachment":[{"href":"https:\/\/xn--mmezwrge-zzaf.ch\/index.php?rest_route=%2Fwp%2Fv2%2Fmedia&parent=3891"}],"curies":[{"name":"wp","href":"https:\/\/api.w.org\/{rel}","templated":true}]}}