{"id":38,"date":"2013-05-25T10:03:58","date_gmt":"2013-05-25T10:03:58","guid":{"rendered":"http:\/\/xn--mmezwrge-zzaf.ch\/?page_id=38"},"modified":"2025-07-02T16:00:32","modified_gmt":"2025-07-02T16:00:32","slug":"home-3","status":"publish","type":"page","link":"https:\/\/xn--mmezwrge-zzaf.ch\/?page_id=38","title":{"rendered":"Kontakt \u260e\ufe0f"},"content":{"rendered":"<p style=\"text-align: center;\" align=\"left\">Spielgruppe \u00c4mmezw\u00e4rge<\/p>\n<p style=\"text-align: center;\" align=\"left\">Ludwig-Schl\u00e4fli-Weg 17<\/p>\n<p style=\"text-align: center;\" align=\"left\">3400 Burgdorf<\/p>\n<p style=\"text-align: center;\" align=\"left\">info@aemmezwaerge.ch<\/p>\n<p style=\"text-align: center;\" align=\"left\"><span style=\"font-size: revert;\">Monika Gehrig: 076 404 19 13<\/span><\/p>\n<p align=\"left\">&nbsp;<\/p>\n<p align=\"left\"><img loading=\"lazy\" decoding=\"async\" class=\"aligncenter\" src=\"https:\/\/th.bing.com\/th\/id\/OIP.g3jy2nBzuAPHtQjcNTmr5AHaFq?w=248&amp;h=190&amp;c=7&amp;o=5&amp;dpr=2&amp;pid=1.7\" alt=\"Bildergebnis f\u00fcr altes telefon\" width=\"311\" height=\"240\"><\/p>\n<p align=\"left\">&nbsp;<\/p>\n<p align=\"left\">&nbsp;<\/p>\n<p>&nbsp;<\/p>\n<p>&nbsp;<\/p>\n","protected":false},"excerpt":{"rendered":"<p>Spielgruppe \u00c4mmezw\u00e4rge Ludwig-Schl\u00e4fli-Weg 17 3400 Burgdorf info@aemmezwaerge.ch Monika Gehrig: 076 404 19 13 &nbsp; &nbsp; &nbsp; &nbsp; &nbsp;<\/p>\n","protected":false},"author":1,"featured_media":0,"parent":0,"menu_order":0,"comment_status":"closed","ping_status":"open","template":"","meta":{"ngg_post_thumbnail":0,"footnotes":""},"class_list":["post-38","page","type-page","status-publish","hentry"],"_links":{"self":[{"href":"https:\/\/xn--mmezwrge-zzaf.ch\/index.php?rest_route=\/wp\/v2\/pages\/38","targetHints":{"allow":["GET"]}}],"collection":[{"href":"https:\/\/xn--mmezwrge-zzaf.ch\/index.php?rest_route=\/wp\/v2\/pages"}],"about":[{"href":"https:\/\/xn--mmezwrge-zzaf.ch\/index.php?rest_route=\/wp\/v2\/types\/page"}],"author":[{"embeddable":true,"href":"https:\/\/xn--mmezwrge-zzaf.ch\/index.php?rest_route=\/wp\/v2\/users\/1"}],"replies":[{"embeddable":true,"href":"https:\/\/xn--mmezwrge-zzaf.ch\/index.php?rest_route=%2Fwp%2Fv2%2Fcomments&post=38"}],"version-history":[{"count":64,"href":"https:\/\/xn--mmezwrge-zzaf.ch\/index.php?rest_route=\/wp\/v2\/pages\/38\/revisions"}],"predecessor-version":[{"id":4161,"href":"https:\/\/xn--mmezwrge-zzaf.ch\/index.php?rest_route=\/wp\/v2\/pages\/38\/revisions\/4161"}],"wp:attachment":[{"href":"https:\/\/xn--mmezwrge-zzaf.ch\/index.php?rest_route=%2Fwp%2Fv2%2Fmedia&parent=38"}],"curies":[{"name":"wp","href":"https:\/\/api.w.org\/{rel}","templated":true}]}}